{"id":1546,"date":"2014-10-08T13:39:25","date_gmt":"2014-10-08T13:39:25","guid":{"rendered":"http:\/\/zephyr.us-themes.com\/"},"modified":"2022-05-02T19:06:28","modified_gmt":"2022-05-02T19:06:28","slug":"home","status":"publish","type":"page","link":"https:\/\/www.voilait.com\/?page_id=1546","title":{"rendered":"Inicio"},"content":{"rendered":"<p>[vc_row][vc_column][ultimate_info_banner heading_tag=&#8221;h1&#8243; banner_desc=&#8221;Es un sistema integral y escalable, que ayuda a la gestion educativa, finaciera y de empleados, dando un panorama completo de su institucion, brindando reportes y estadisticas puntuales y descritivas.&#8221; info_effect=&#8221;fadeIn&#8221; banner_image=&#8221;id^22|url^https:\/\/www.voilapiloto.xyz\/wp-content\/uploads\/2018\/03\/VOILA_H-01.png|caption^null|alt^null|title^VOILA_H-01|description^null&#8221; banner_size=&#8221;512&#8243; ib3_alignment=&#8221;ultb3-img-top-center&#8221; banner_img_height_large_screen=&#8221;256&#8243; banner_img_height=&#8221;256&#8243; banner_img_height_tablet=&#8221;128&#8243; banner_img_height_tablet_portrait=&#8221;128&#8243; banner_img_height_mobile_landscape=&#8221;64&#8243; banner_img_height_mobile=&#8221;64&#8243; title_color=&#8221;#000000&#8243; desc_color=&#8221;#000000&#8243; css_infobanner=&#8221;.vc_custom_1651517922624{margin-right: 1px !important;margin-left: 1px !important;padding-right: 1px !important;padding-left: 1px !important;}&#8221;][\/vc_column][vc_column][ult_content_box bg_color=&#8221;#0473aa&#8221; box_shadow=&#8221;horizontal:px|vertical:px|blur:px|spread:px|style:none|&#8221; hover_box_shadow=&#8221;horizontal:px|vertical:px|blur:px|spread:px|style:none|&#8221; padding=&#8221;padding:0px;&#8221; margin=&#8221;margin:0px;&#8221;][us_image image=&#8221;23583&#8243; size=&#8221;us_600_400_crop&#8221; align=&#8221;center&#8221;][\/ult_content_box][\/vc_column][\/vc_row][vc_row][vc_column width=&#8221;1\/3&#8243;][us_iconbox icon=&#8221;fas|poll&#8221; title=&#8221;M\u00f3dulo de evaluaciones&#8221; title_size=&#8221;16px&#8221;][\/us_iconbox][\/vc_column][vc_column width=&#8221;1\/3&#8243;][us_iconbox icon=&#8221;fas|poll&#8221; title=&#8221;M\u00f3dulo econ\u00f3mico&#8221; title_size=&#8221;16px&#8221;][\/us_iconbox][\/vc_column][vc_column width=&#8221;1\/3&#8243;][us_iconbox icon=&#8221;fas|graduation-cap&#8221; title=&#8221;M\u00f3dulo educativo&#8221; title_size=&#8221;16px&#8221;][\/us_iconbox][\/vc_column][\/vc_row][vc_row][vc_column][ultimate_info_banner banner_title=&#8221;Gestion Educativa&#8221; heading_tag=&#8221;h1&#8243; banner_desc=&#8221;Voila ofrece los mejores productos de gesti\u00f3n acad\u00e9mica del mercado, agilizando las tareas de todos los participantes del proceso educativo, para que te enfoques en lo m\u00e1s importante: el aprendizaje de los estudiantes.&#8221; button_text=&#8221;Comenzar&#8221; info_effect=&#8221;fadeIn&#8221; title_color=&#8221;#000000&#8243; desc_color=&#8221;#000000&#8243;][vc_row_inner][vc_column_inner][\/vc_column_inner][\/vc_row_inner][\/vc_column][vc_column][ultimate_spacer height=&#8221;10&#8243;][info_list position=&#8221;top&#8221; font_size_icon=&#8221;24&#8243; eg_br_width=&#8221;1&#8243;][info_list_item list_title=&#8221;ADMISION&#8221; icon_type=&#8221;custom&#8221; icon_img=&#8221;id^23556|url^https:\/\/www.voilapiloto.xyz\/wp-content\/uploads\/2022\/05\/carta.png|caption^null|alt^null|title^carta|description^null&#8221; animation=&#8221;swing&#8221;]Sistema CRM que agiliza y controla el seguimiento de proceso de admision.[\/info_list_item][info_list_item list_title=&#8221;CALIFICACI\u00d3N Y EVALUACI\u00d3N&#8221; icon_type=&#8221;custom&#8221; icon_img=&#8221;id^23554|url^https:\/\/www.voilapiloto.xyz\/wp-content\/uploads\/2022\/05\/scholarship.png|caption^null|alt^null|title^scholarship|description^null&#8221; animation=&#8221;swing&#8221;]<\/p>\n<div class=\"mb-10 f-14 semibold text-uppercase sp-20 title\"><\/div>\n<div class=\"color-heading text-adaptive\">Los docentes tienen herramientas de evaluaci\u00f3n como listas de cotejo y r\u00fabricas<\/div>\n<p>[\/info_list_item][info_list_item list_title=&#8221;REPORTES DE NOTAS&#8221; icon_type=&#8221;custom&#8221; icon_img=&#8221;id^23558|url^https:\/\/www.voilapiloto.xyz\/wp-content\/uploads\/2022\/05\/exam.png|caption^null|alt^null|title^exam|description^null&#8221; animation=&#8221;swing&#8221;]Reporte de notas y seguimiento de tareas, facilitando el control de los alumnos y sus tareas diarias.[\/info_list_item][\/info_list][\/vc_column][\/vc_row][vc_row][vc_column][ultimate_fancytext fancytext_effect=&#8221;ticker&#8221; strings_tickerspeed=&#8221;200&#8243; ticker_show_items=&#8221;1&#8243; fancytext_strings=&#8221;NUESTROS CLIENTES&#8221; strings_font_style=&#8221;font-weight:bold;&#8221;][ultimate_carousel][us_image image=&#8221;23558&#8243;][us_image image=&#8221;23561&#8243;][us_image image=&#8221;25&#8243;][us_image image=&#8221;23561&#8243;][us_image image=&#8221;23561&#8243;][us_image image=&#8221;23561&#8243;][\/ultimate_carousel][\/vc_column][\/vc_row][vc_row][vc_column][us_pricing items=&#8221;%5B%7B%22title%22%3A%22Free%22%2C%22price%22%3A%22%240%22%2C%22substring%22%3A%22per%20month%22%2C%22features%22%3A%221%20project%5Cn1%20user%5Cn200%20tasks%5CnNo%20support%22%2C%22btn_text%22%3A%22Sign%20up%22%2C%22btn_style%22%3A%2213%22%2C%22btn_size%22%3A%2215px%22%2C%22btn_iconpos%22%3A%22left%22%7D%2C%7B%22title%22%3A%22Standard%22%2C%22type%22%3A%221%22%2C%22price%22%3A%22%2424%22%2C%22substring%22%3A%22per%20month%22%2C%22features%22%3A%2210%20projects%5Cn10%20users%5CnUnlimited%20tasks%5CnPremium%20support%22%2C%22btn_text%22%3A%22Sign%20up%22%2C%22btn_style%22%3A%2213%22%2C%22btn_size%22%3A%2215px%22%2C%22btn_iconpos%22%3A%22left%22%7D%2C%7B%22title%22%3A%22Premium%22%2C%22price%22%3A%22%2450%22%2C%22substring%22%3A%22per%20month%22%2C%22features%22%3A%22Unlimited%20projects%5CnUnlimited%20users%5CnUnlimited%20tasks%5CnPremium%20support%22%2C%22btn_text%22%3A%22Sign%20up%22%2C%22btn_style%22%3A%2213%22%2C%22btn_size%22%3A%2215px%22%2C%22btn_iconpos%22%3A%22left%22%7D%5D&#8221;][\/vc_column][\/vc_row]<\/p>\n","protected":false},"excerpt":{"rendered":"<p>[vc_row][vc_column][ultimate_info_banner heading_tag=&#8221;h1&#8243; banner_desc=&#8221;Es un sistema integral y escalable, que ayuda a la gestion educativa, finaciera y de empleados, dando un panorama completo de su institucion, brindando reportes y estadisticas puntuales y descritivas.&#8221; info_effect=&#8221;fadeIn&#8221; banner_image=&#8221;id^22|url^https:\/\/www.voilapiloto.xyz\/wp-content\/uploads\/2018\/03\/VOILA_H-01.png|caption^null|alt^null|title^VOILA_H-01|description^null&#8221; banner_size=&#8221;512&#8243; ib3_alignment=&#8221;ultb3-img-top-center&#8221; banner_img_height_large_screen=&#8221;256&#8243; banner_img_height=&#8221;256&#8243; banner_img_height_tablet=&#8221;128&#8243; banner_img_height_tablet_portrait=&#8221;128&#8243; banner_img_height_mobile_landscape=&#8221;64&#8243; banner_img_height_mobile=&#8221;64&#8243; title_color=&#8221;#000000&#8243; desc_color=&#8221;#000000&#8243; css_infobanner=&#8221;.vc_custom_1651517922624{margin-right: 1px !important;margin-left: 1px !important;padding-right: 1px !important;padding-left: 1px !important;}&#8221;][\/vc_column][vc_column][ult_content_box bg_color=&#8221;#0473aa&#8221; box_shadow=&#8221;horizontal:px|vertical:px|blur:px|spread:px|style:none|&#8221; &hellip;<\/p>\n<p class=\"read-more\"> <a class=\"\" href=\"https:\/\/www.voilait.com\/?page_id=1546\"> <span class=\"screen-reader-text\">Inicio<\/span> Read More &raquo;<\/a><\/p>\n","protected":false},"author":1,"featured_media":0,"parent":0,"menu_order":0,"comment_status":"closed","ping_status":"closed","template":"","meta":{"site-sidebar-layout":"default","site-content-layout":"default","ast-global-header-display":"","ast-banner-title-visibility":"","ast-main-header-display":"","ast-hfb-above-header-display":"","ast-hfb-below-header-display":"","ast-hfb-mobile-header-display":"","site-post-title":"","ast-breadcrumbs-content":"","ast-featured-img":"","footer-sml-layout":"","theme-transparent-header-meta":"","adv-header-id-meta":"","stick-header-meta":"","header-above-stick-meta":"","header-main-stick-meta":"","header-below-stick-meta":""},"_links":{"self":[{"href":"https:\/\/www.voilait.com\/index.php?rest_route=\/wp\/v2\/pages\/1546"}],"collection":[{"href":"https:\/\/www.voilait.com\/index.php?rest_route=\/wp\/v2\/pages"}],"about":[{"href":"https:\/\/www.voilait.com\/index.php?rest_route=\/wp\/v2\/types\/page"}],"author":[{"embeddable":true,"href":"https:\/\/www.voilait.com\/index.php?rest_route=\/wp\/v2\/users\/1"}],"replies":[{"embeddable":true,"href":"https:\/\/www.voilait.com\/index.php?rest_route=%2Fwp%2Fv2%2Fcomments&post=1546"}],"version-history":[{"count":57,"href":"https:\/\/www.voilait.com\/index.php?rest_route=\/wp\/v2\/pages\/1546\/revisions"}],"predecessor-version":[{"id":23585,"href":"https:\/\/www.voilait.com\/index.php?rest_route=\/wp\/v2\/pages\/1546\/revisions\/23585"}],"wp:attachment":[{"href":"https:\/\/www.voilait.com\/index.php?rest_route=%2Fwp%2Fv2%2Fmedia&parent=1546"}],"curies":[{"name":"wp","href":"https:\/\/api.w.org\/{rel}","templated":true}]}}